{"id":592,"date":"2024-01-21T17:37:34","date_gmt":"2024-01-21T16:37:34","guid":{"rendered":"http:\/\/orcivalmusic.com\/?page_id=592"},"modified":"2025-03-04T17:16:07","modified_gmt":"2025-03-04T16:16:07","slug":"orcival-solo-et-duo","status":"publish","type":"page","link":"https:\/\/orcivalmusic.com\/index.php\/orcival-solo-et-duo\/","title":{"rendered":"ORCIVAL SOLO et DUO"},"content":{"rendered":"\n<p>La folk\/world envo\u00fbtante d\u2019\u00a0\u00bb<strong>Orcival<\/strong>\u00a0\u00bb est une invitation vers l&rsquo;ailleurs, \u00e0 la rencontre des peuples du monde et des contr\u00e9es imaginaires.Guitariste chanteur d&rsquo;une infinie sensibilit\u00e9, port\u00e9 par les musiques du monde entier, <strong>ORCIVAL<\/strong> est sur sc\u00e8ne une exp\u00e9rience musicale \u00e0 savourer pleinement.<\/p>\n\n\n\n<p><strong>ORCIVAL <\/strong>vous livre un concert d\u2019une heure et demi d\u2019un road trip multiforme ; chauss\u00e9 de ses rythmiques aux pieds et harnach\u00e9 de ses diff\u00e9rentes guitares, il vous emm\u00e8ne sur les routes d\u2019une musique du monde relocalis\u00e9e, vous faisant danser sur un air breton des Pyr\u00e9n\u00e9es Ari\u00e9geoises ou une gigue des Highlands de l\u2019Aubrac ou encore distillant son folk Australien des d\u00e9serts des Landes de Gascogne. De quoi frissonner et danser!<\/p>\n\n\n<div class=\"wp-block-image\">\n<figure class=\"aligncenter size-large is-resized\"><a href=\"https:\/\/orcivalmusic.com\/wp-content\/uploads\/2024\/01\/marion-cadillac1.jpg\"><img loading=\"lazy\" decoding=\"async\" width=\"1024\" height=\"683\" src=\"https:\/\/orcivalmusic.com\/wp-content\/uploads\/2024\/01\/marion-cadillac1-1024x683.jpg\" alt=\"\" class=\"wp-image-598\" style=\"width:545px;height:auto\" srcset=\"https:\/\/orcivalmusic.com\/wp-content\/uploads\/2024\/01\/marion-cadillac1-1024x683.jpg 1024w, https:\/\/orcivalmusic.com\/wp-content\/uploads\/2024\/01\/marion-cadillac1-300x200.jpg 300w, https:\/\/orcivalmusic.com\/wp-content\/uploads\/2024\/01\/marion-cadillac1-768x512.jpg 768w, https:\/\/orcivalmusic.com\/wp-content\/uploads\/2024\/01\/marion-cadillac1-1536x1024.jpg 1536w, https:\/\/orcivalmusic.com\/wp-content\/uploads\/2024\/01\/marion-cadillac1.jpg 1875w\" sizes=\"auto, (max-width: 1024px) 100vw, 1024px\" \/><\/a><\/figure>\n<\/div>\n\n\n<p>Accompagn\u00e9 de la violoncelliste<strong> Marion Tiberge (Coquille)<\/strong>, les instruments s\u2019entrem\u00ealent pour former une sculpture musicale cosmopolite, sensible et \u00e9nergique, en Fran\u00e7ais, Anglais et morceaux instrumentaux.<\/p>\n\n\n<div class=\"wp-block-image\">\n<figure class=\"aligncenter size-large is-resized\"><a href=\"https:\/\/orcivalmusic.com\/wp-content\/uploads\/2025\/03\/Orcival-duo-marion-1.jpeg\"><img loading=\"lazy\" decoding=\"async\" width=\"1024\" height=\"1024\" src=\"https:\/\/orcivalmusic.com\/wp-content\/uploads\/2025\/03\/Orcival-duo-marion-1-1024x1024.jpeg\" alt=\"\" class=\"wp-image-1109\" style=\"width:589px;height:auto\" srcset=\"https:\/\/orcivalmusic.com\/wp-content\/uploads\/2025\/03\/Orcival-duo-marion-1-1024x1024.jpeg 1024w, https:\/\/orcivalmusic.com\/wp-content\/uploads\/2025\/03\/Orcival-duo-marion-1-300x300.jpeg 300w, https:\/\/orcivalmusic.com\/wp-content\/uploads\/2025\/03\/Orcival-duo-marion-1-150x150.jpeg 150w, https:\/\/orcivalmusic.com\/wp-content\/uploads\/2025\/03\/Orcival-duo-marion-1-768x768.jpeg 768w, https:\/\/orcivalmusic.com\/wp-content\/uploads\/2025\/03\/Orcival-duo-marion-1.jpeg 1080w\" sizes=\"auto, (max-width: 1024px) 100vw, 1024px\" \/><\/a><\/figure>\n<\/div>","protected":false},"excerpt":{"rendered":"<p>La folk\/world envo\u00fbtante d\u2019\u00a0\u00bbOrcival\u00a0\u00bb est une invitation vers l&rsquo;ailleurs, \u00e0 la rencontre des peuples du monde et des contr\u00e9es imaginaires.Guitariste chanteur d&rsquo;une infinie sensibilit\u00e9, port\u00e9 par les musiques du monde entier, ORCIVAL est sur sc\u00e8ne une exp\u00e9rience musicale \u00e0 savourer pleinement. ORCIVAL vous livre un concert d\u2019une heure et demi [&hellip;]<\/p>\n","protected":false},"author":1,"featured_media":0,"parent":0,"menu_order":-1,"comment_status":"closed","ping_status":"closed","template":"","meta":{"footnotes":""},"class_list":["post-592","page","type-page","status-publish","hentry"],"yoast_head":"<!-- This site is optimized with the Yoast SEO plugin v24.6 - https:\/\/yoast.com\/wordpress\/plugins\/seo\/ -->\n<title>ORCIVAL SOLO et DUO - ORCIVAL<\/title>\n<meta name=\"robots\" content=\"index, follow, max-snippet:-1, max-image-preview:large, max-video-preview:-1\" \/>\n<link rel=\"canonical\" href=\"https:\/\/orcivalmusic.com\/index.php\/orcival-solo-et-duo\/\" \/>\n<meta property=\"og:locale\" content=\"fr_FR\" \/>\n<meta property=\"og:type\" content=\"article\" \/>\n<meta property=\"og:title\" content=\"ORCIVAL SOLO et DUO - ORCIVAL\" \/>\n<meta property=\"og:description\" content=\"La folk\/world envo\u00fbtante d\u2019\u00a0\u00bbOrcival\u00a0\u00bb est une invitation vers l&rsquo;ailleurs, \u00e0 la rencontre des peuples du monde et des contr\u00e9es imaginaires.Guitariste chanteur d&rsquo;une infinie sensibilit\u00e9, port\u00e9 par les musiques du monde entier, ORCIVAL est sur sc\u00e8ne une exp\u00e9rience musicale \u00e0 savourer pleinement. ORCIVAL vous livre un concert d\u2019une heure et demi [&hellip;]\" \/>\n<meta property=\"og:url\" content=\"https:\/\/orcivalmusic.com\/index.php\/orcival-solo-et-duo\/\" \/>\n<meta property=\"og:site_name\" content=\"ORCIVAL\" \/>\n<meta property=\"article:publisher\" content=\"https:\/\/www.facebook.com\/orcivalmusic\/\" \/>\n<meta property=\"article:modified_time\" content=\"2025-03-04T16:16:07+00:00\" \/>\n<meta property=\"og:image\" content=\"http:\/\/orcivalmusic.com\/wp-content\/uploads\/2024\/01\/marion-cadillac1-1024x683.jpg\" \/>\n<meta name=\"twitter:card\" content=\"summary_large_image\" \/>\n<meta name=\"twitter:label1\" content=\"Dur\u00e9e de lecture estim\u00e9e\" \/>\n\t<meta name=\"twitter:data1\" content=\"1 minute\" \/>\n<script type=\"application\/ld+json\" class=\"yoast-schema-graph\">{\"@context\":\"https:\/\/schema.org\",\"@graph\":[{\"@type\":\"WebPage\",\"@id\":\"https:\/\/orcivalmusic.com\/index.php\/orcival-solo-et-duo\/\",\"url\":\"https:\/\/orcivalmusic.com\/index.php\/orcival-solo-et-duo\/\",\"name\":\"ORCIVAL SOLO et DUO - ORCIVAL\",\"isPartOf\":{\"@id\":\"https:\/\/orcivalmusic.com\/#website\"},\"primaryImageOfPage\":{\"@id\":\"https:\/\/orcivalmusic.com\/index.php\/orcival-solo-et-duo\/#primaryimage\"},\"image\":{\"@id\":\"https:\/\/orcivalmusic.com\/index.php\/orcival-solo-et-duo\/#primaryimage\"},\"thumbnailUrl\":\"http:\/\/orcivalmusic.com\/wp-content\/uploads\/2024\/01\/marion-cadillac1-1024x683.jpg\",\"datePublished\":\"2024-01-21T16:37:34+00:00\",\"dateModified\":\"2025-03-04T16:16:07+00:00\",\"breadcrumb\":{\"@id\":\"https:\/\/orcivalmusic.com\/index.php\/orcival-solo-et-duo\/#breadcrumb\"},\"inLanguage\":\"fr-FR\",\"potentialAction\":[{\"@type\":\"ReadAction\",\"target\":[\"https:\/\/orcivalmusic.com\/index.php\/orcival-solo-et-duo\/\"]}]},{\"@type\":\"ImageObject\",\"inLanguage\":\"fr-FR\",\"@id\":\"https:\/\/orcivalmusic.com\/index.php\/orcival-solo-et-duo\/#primaryimage\",\"url\":\"http:\/\/orcivalmusic.com\/wp-content\/uploads\/2024\/01\/marion-cadillac1-1024x683.jpg\",\"contentUrl\":\"http:\/\/orcivalmusic.com\/wp-content\/uploads\/2024\/01\/marion-cadillac1-1024x683.jpg\"},{\"@type\":\"BreadcrumbList\",\"@id\":\"https:\/\/orcivalmusic.com\/index.php\/orcival-solo-et-duo\/#breadcrumb\",\"itemListElement\":[{\"@type\":\"ListItem\",\"position\":1,\"name\":\"Accueil\",\"item\":\"https:\/\/orcivalmusic.com\/\"},{\"@type\":\"ListItem\",\"position\":2,\"name\":\"ORCIVAL SOLO et DUO\"}]},{\"@type\":\"WebSite\",\"@id\":\"https:\/\/orcivalmusic.com\/#website\",\"url\":\"https:\/\/orcivalmusic.com\/\",\"name\":\"ORCIVAL\",\"description\":\"Folk world des grands espaces\",\"publisher\":{\"@id\":\"https:\/\/orcivalmusic.com\/#\/schema\/person\/105532748ff7caabc5e4ad4d0df1ae7d\"},\"potentialAction\":[{\"@type\":\"SearchAction\",\"target\":{\"@type\":\"EntryPoint\",\"urlTemplate\":\"https:\/\/orcivalmusic.com\/?s={search_term_string}\"},\"query-input\":{\"@type\":\"PropertyValueSpecification\",\"valueRequired\":true,\"valueName\":\"search_term_string\"}}],\"inLanguage\":\"fr-FR\"},{\"@type\":[\"Person\",\"Organization\"],\"@id\":\"https:\/\/orcivalmusic.com\/#\/schema\/person\/105532748ff7caabc5e4ad4d0df1ae7d\",\"name\":\"julien\",\"image\":{\"@type\":\"ImageObject\",\"inLanguage\":\"fr-FR\",\"@id\":\"https:\/\/orcivalmusic.com\/#\/schema\/person\/image\/\",\"url\":\"https:\/\/orcivalmusic.com\/wp-content\/uploads\/2024\/02\/Tampon-transparent.png\",\"contentUrl\":\"https:\/\/orcivalmusic.com\/wp-content\/uploads\/2024\/02\/Tampon-transparent.png\",\"width\":5788,\"height\":1536,\"caption\":\"julien\"},\"logo\":{\"@id\":\"https:\/\/orcivalmusic.com\/#\/schema\/person\/image\/\"},\"sameAs\":[\"https:\/\/orcivalmusic.com\/\",\"https:\/\/www.facebook.com\/orcivalmusic\/\",\"https:\/\/www.instagram.com\/orcival_music\/\",\"https:\/\/www.youtube.com\/@orcival4550\"]}]}<\/script>\n<!-- \/ Yoast SEO plugin. -->","yoast_head_json":{"title":"ORCIVAL SOLO et DUO - ORCIVAL","robots":{"index":"index","follow":"follow","max-snippet":"max-snippet:-1","max-image-preview":"max-image-preview:large","max-video-preview":"max-video-preview:-1"},"canonical":"https:\/\/orcivalmusic.com\/index.php\/orcival-solo-et-duo\/","og_locale":"fr_FR","og_type":"article","og_title":"ORCIVAL SOLO et DUO - ORCIVAL","og_description":"La folk\/world envo\u00fbtante d\u2019\u00a0\u00bbOrcival\u00a0\u00bb est une invitation vers l&rsquo;ailleurs, \u00e0 la rencontre des peuples du monde et des contr\u00e9es imaginaires.Guitariste chanteur d&rsquo;une infinie sensibilit\u00e9, port\u00e9 par les musiques du monde entier, ORCIVAL est sur sc\u00e8ne une exp\u00e9rience musicale \u00e0 savourer pleinement. ORCIVAL vous livre un concert d\u2019une heure et demi [&hellip;]","og_url":"https:\/\/orcivalmusic.com\/index.php\/orcival-solo-et-duo\/","og_site_name":"ORCIVAL","article_publisher":"https:\/\/www.facebook.com\/orcivalmusic\/","article_modified_time":"2025-03-04T16:16:07+00:00","og_image":[{"url":"http:\/\/orcivalmusic.com\/wp-content\/uploads\/2024\/01\/marion-cadillac1-1024x683.jpg","type":"","width":"","height":""}],"twitter_card":"summary_large_image","twitter_misc":{"Dur\u00e9e de lecture estim\u00e9e":"1 minute"},"schema":{"@context":"https:\/\/schema.org","@graph":[{"@type":"WebPage","@id":"https:\/\/orcivalmusic.com\/index.php\/orcival-solo-et-duo\/","url":"https:\/\/orcivalmusic.com\/index.php\/orcival-solo-et-duo\/","name":"ORCIVAL SOLO et DUO - ORCIVAL","isPartOf":{"@id":"https:\/\/orcivalmusic.com\/#website"},"primaryImageOfPage":{"@id":"https:\/\/orcivalmusic.com\/index.php\/orcival-solo-et-duo\/#primaryimage"},"image":{"@id":"https:\/\/orcivalmusic.com\/index.php\/orcival-solo-et-duo\/#primaryimage"},"thumbnailUrl":"http:\/\/orcivalmusic.com\/wp-content\/uploads\/2024\/01\/marion-cadillac1-1024x683.jpg","datePublished":"2024-01-21T16:37:34+00:00","dateModified":"2025-03-04T16:16:07+00:00","breadcrumb":{"@id":"https:\/\/orcivalmusic.com\/index.php\/orcival-solo-et-duo\/#breadcrumb"},"inLanguage":"fr-FR","potentialAction":[{"@type":"ReadAction","target":["https:\/\/orcivalmusic.com\/index.php\/orcival-solo-et-duo\/"]}]},{"@type":"ImageObject","inLanguage":"fr-FR","@id":"https:\/\/orcivalmusic.com\/index.php\/orcival-solo-et-duo\/#primaryimage","url":"http:\/\/orcivalmusic.com\/wp-content\/uploads\/2024\/01\/marion-cadillac1-1024x683.jpg","contentUrl":"http:\/\/orcivalmusic.com\/wp-content\/uploads\/2024\/01\/marion-cadillac1-1024x683.jpg"},{"@type":"BreadcrumbList","@id":"https:\/\/orcivalmusic.com\/index.php\/orcival-solo-et-duo\/#breadcrumb","itemListElement":[{"@type":"ListItem","position":1,"name":"Accueil","item":"https:\/\/orcivalmusic.com\/"},{"@type":"ListItem","position":2,"name":"ORCIVAL SOLO et DUO"}]},{"@type":"WebSite","@id":"https:\/\/orcivalmusic.com\/#website","url":"https:\/\/orcivalmusic.com\/","name":"ORCIVAL","description":"Folk world des grands espaces","publisher":{"@id":"https:\/\/orcivalmusic.com\/#\/schema\/person\/105532748ff7caabc5e4ad4d0df1ae7d"},"potentialAction":[{"@type":"SearchAction","target":{"@type":"EntryPoint","urlTemplate":"https:\/\/orcivalmusic.com\/?s={search_term_string}"},"query-input":{"@type":"PropertyValueSpecification","valueRequired":true,"valueName":"search_term_string"}}],"inLanguage":"fr-FR"},{"@type":["Person","Organization"],"@id":"https:\/\/orcivalmusic.com\/#\/schema\/person\/105532748ff7caabc5e4ad4d0df1ae7d","name":"julien","image":{"@type":"ImageObject","inLanguage":"fr-FR","@id":"https:\/\/orcivalmusic.com\/#\/schema\/person\/image\/","url":"https:\/\/orcivalmusic.com\/wp-content\/uploads\/2024\/02\/Tampon-transparent.png","contentUrl":"https:\/\/orcivalmusic.com\/wp-content\/uploads\/2024\/02\/Tampon-transparent.png","width":5788,"height":1536,"caption":"julien"},"logo":{"@id":"https:\/\/orcivalmusic.com\/#\/schema\/person\/image\/"},"sameAs":["https:\/\/orcivalmusic.com\/","https:\/\/www.facebook.com\/orcivalmusic\/","https:\/\/www.instagram.com\/orcival_music\/","https:\/\/www.youtube.com\/@orcival4550"]}]}},"_links":{"self":[{"href":"https:\/\/orcivalmusic.com\/index.php\/wp-json\/wp\/v2\/pages\/592","targetHints":{"allow":["GET"]}}],"collection":[{"href":"https:\/\/orcivalmusic.com\/index.php\/wp-json\/wp\/v2\/pages"}],"about":[{"href":"https:\/\/orcivalmusic.com\/index.php\/wp-json\/wp\/v2\/types\/page"}],"author":[{"embeddable":true,"href":"https:\/\/orcivalmusic.com\/index.php\/wp-json\/wp\/v2\/users\/1"}],"replies":[{"embeddable":true,"href":"https:\/\/orcivalmusic.com\/index.php\/wp-json\/wp\/v2\/comments?post=592"}],"version-history":[{"count":7,"href":"https:\/\/orcivalmusic.com\/index.php\/wp-json\/wp\/v2\/pages\/592\/revisions"}],"predecessor-version":[{"id":1113,"href":"https:\/\/orcivalmusic.com\/index.php\/wp-json\/wp\/v2\/pages\/592\/revisions\/1113"}],"wp:attachment":[{"href":"https:\/\/orcivalmusic.com\/index.php\/wp-json\/wp\/v2\/media?parent=592"}],"curies":[{"name":"wp","href":"https:\/\/api.w.org\/{rel}","templated":true}]}}