{"id":309,"date":"2019-05-29T16:12:10","date_gmt":"2019-05-29T15:12:10","guid":{"rendered":"http:\/\/orcivalmusic.com\/?page_id=309"},"modified":"2025-12-10T20:00:06","modified_gmt":"2025-12-10T19:00:06","slug":"orcival-trio","status":"publish","type":"page","link":"https:\/\/orcivalmusic.com\/index.php\/orcival-trio\/","title":{"rendered":"Anciens projets"},"content":{"rendered":"\n<p><br> <strong>Orcival<\/strong> est accompagn\u00e9 en<strong> quartet<\/strong> de <strong>Ludovic Schmidt<\/strong> (<strong>bugle\/trompette<\/strong>), <strong>Hugo Collin<\/strong>  (<strong>saxophones<\/strong>) et <strong>Pascal Rollando<\/strong> aux percussions\/batterie.<br> L&rsquo;inspiration puis\u00e9e dans les for\u00eats, les montagnes et les voyages c\u00f4toient maintenant des rythmiques color\u00e9es et foisonnantes venant de la world music et du rock enrichie par les arrangements des cuivres, rendant le concert encore plus organique et \u00e9nergique.<\/p>\n\n\n\n<p> <strong>Orcival<\/strong> is accompagnied by<strong> <strong>Ludovic Schmidt<\/strong> on <strong>trumpet<\/strong> , <strong>Hugo Collin<\/strong> on <strong>Saxophones<\/strong><\/strong> and <strong>Pascal Rollando <\/strong>percussions\/drums. The inspiration drawn from the forest, the mountains and the travels are now mixed with colorful percussions from the world music and rock, saxophones and trumpet who enrich the sound and make the concert still more organic and energetic.<\/p>\n\n\n\n<figure class=\"wp-block-embed is-type-video is-provider-youtube wp-block-embed-youtube wp-embed-aspect-16-9 wp-has-aspect-ratio\"><div class=\"wp-block-embed__wrapper\">\n<iframe loading=\"lazy\" title=\"Orcival - La danse des singes\" width=\"750\" height=\"422\" src=\"https:\/\/www.youtube.com\/embed\/VSu2VJa2Jis?feature=oembed\" frameborder=\"0\" allow=\"accelerometer; autoplay; clipboard-write; encrypted-media; gyroscope; picture-in-picture; web-share\" referrerpolicy=\"strict-origin-when-cross-origin\" allowfullscreen><\/iframe>\n<\/div><figcaption class=\"wp-element-caption\">Orcival Quartet &#8211; La Danse des singes<\/figcaption><\/figure>\n\n\n\n<figure class=\"wp-block-embed is-type-video is-provider-youtube wp-block-embed-youtube wp-embed-aspect-16-9 wp-has-aspect-ratio\"><div class=\"wp-block-embed__wrapper\">\n<iframe loading=\"lazy\" title=\"Orcival - Human Borders\" width=\"750\" height=\"422\" src=\"https:\/\/www.youtube.com\/embed\/VS6BoH4bWgk?feature=oembed\" frameborder=\"0\" allow=\"accelerometer; autoplay; clipboard-write; encrypted-media; gyroscope; picture-in-picture; web-share\" referrerpolicy=\"strict-origin-when-cross-origin\" allowfullscreen><\/iframe>\n<\/div><figcaption class=\"wp-element-caption\">Orcival Quartet &#8211; Human Borders<\/figcaption><\/figure>\n\n\n\n<div><iframe loading=\"lazy\" width=\"560\" height=\"315\" src=\"https:\/\/www.youtube.com\/embed\/VH6LKfjumg4?si=gfh0zLYoYBdxC9LE\" title=\"YouTube video player\" frameborder=\"0\" allow=\"accelerometer; autoplay; clipboard-write; encrypted-media; gyroscope; picture-in-picture; web-share\" allowfullscreen><\/iframe><p>Orcival Quartet &#8211; Si bleue si belle<\/p><div>\n","protected":false},"excerpt":{"rendered":"<p>Orcival est accompagn\u00e9 en quartet de Ludovic Schmidt (bugle\/trompette), Hugo Collin (saxophones) et Pascal Rollando aux percussions\/batterie. L&rsquo;inspiration puis\u00e9e dans les for\u00eats, les montagnes et les voyages c\u00f4toient maintenant des rythmiques color\u00e9es et foisonnantes venant de la world music et du rock enrichie par les arrangements des cuivres, rendant le [&hellip;]<\/p>\n","protected":false},"author":1,"featured_media":545,"parent":0,"menu_order":0,"comment_status":"closed","ping_status":"closed","template":"","meta":{"footnotes":""},"class_list":["post-309","page","type-page","status-publish","has-post-thumbnail","hentry"],"yoast_head":"<!-- This site is optimized with the Yoast SEO plugin v24.6 - https:\/\/yoast.com\/wordpress\/plugins\/seo\/ -->\n<title>Anciens projets - ORCIVAL<\/title>\n<meta name=\"robots\" content=\"index, follow, max-snippet:-1, max-image-preview:large, max-video-preview:-1\" \/>\n<link rel=\"canonical\" href=\"https:\/\/orcivalmusic.com\/index.php\/orcival-trio\/\" \/>\n<meta property=\"og:locale\" content=\"fr_FR\" \/>\n<meta property=\"og:type\" content=\"article\" \/>\n<meta property=\"og:title\" content=\"Anciens projets - ORCIVAL\" \/>\n<meta property=\"og:description\" content=\"Orcival est accompagn\u00e9 en quartet de Ludovic Schmidt (bugle\/trompette), Hugo Collin (saxophones) et Pascal Rollando aux percussions\/batterie. L&rsquo;inspiration puis\u00e9e dans les for\u00eats, les montagnes et les voyages c\u00f4toient maintenant des rythmiques color\u00e9es et foisonnantes venant de la world music et du rock enrichie par les arrangements des cuivres, rendant le [&hellip;]\" \/>\n<meta property=\"og:url\" content=\"https:\/\/orcivalmusic.com\/index.php\/orcival-trio\/\" \/>\n<meta property=\"og:site_name\" content=\"ORCIVAL\" \/>\n<meta property=\"article:publisher\" content=\"https:\/\/www.facebook.com\/orcivalmusic\/\" \/>\n<meta property=\"article:modified_time\" content=\"2025-12-10T19:00:06+00:00\" \/>\n<meta property=\"og:image\" content=\"https:\/\/orcivalmusic.com\/wp-content\/uploads\/2023\/01\/deam-team-scaled-e1727882510742.jpg\" \/>\n\t<meta property=\"og:image:width\" content=\"2560\" \/>\n\t<meta property=\"og:image:height\" content=\"1066\" \/>\n\t<meta property=\"og:image:type\" content=\"image\/jpeg\" \/>\n<meta name=\"twitter:card\" content=\"summary_large_image\" \/>\n<meta name=\"twitter:label1\" content=\"Dur\u00e9e de lecture estim\u00e9e\" \/>\n\t<meta name=\"twitter:data1\" content=\"1 minute\" \/>\n<script type=\"application\/ld+json\" class=\"yoast-schema-graph\">{\"@context\":\"https:\/\/schema.org\",\"@graph\":[{\"@type\":\"WebPage\",\"@id\":\"https:\/\/orcivalmusic.com\/index.php\/orcival-trio\/\",\"url\":\"https:\/\/orcivalmusic.com\/index.php\/orcival-trio\/\",\"name\":\"Anciens projets - ORCIVAL\",\"isPartOf\":{\"@id\":\"https:\/\/orcivalmusic.com\/#website\"},\"primaryImageOfPage\":{\"@id\":\"https:\/\/orcivalmusic.com\/index.php\/orcival-trio\/#primaryimage\"},\"image\":{\"@id\":\"https:\/\/orcivalmusic.com\/index.php\/orcival-trio\/#primaryimage\"},\"thumbnailUrl\":\"https:\/\/orcivalmusic.com\/wp-content\/uploads\/2023\/01\/deam-team-scaled-e1727882510742.jpg\",\"datePublished\":\"2019-05-29T15:12:10+00:00\",\"dateModified\":\"2025-12-10T19:00:06+00:00\",\"breadcrumb\":{\"@id\":\"https:\/\/orcivalmusic.com\/index.php\/orcival-trio\/#breadcrumb\"},\"inLanguage\":\"fr-FR\",\"potentialAction\":[{\"@type\":\"ReadAction\",\"target\":[\"https:\/\/orcivalmusic.com\/index.php\/orcival-trio\/\"]}]},{\"@type\":\"ImageObject\",\"inLanguage\":\"fr-FR\",\"@id\":\"https:\/\/orcivalmusic.com\/index.php\/orcival-trio\/#primaryimage\",\"url\":\"https:\/\/orcivalmusic.com\/wp-content\/uploads\/2023\/01\/deam-team-scaled-e1727882510742.jpg\",\"contentUrl\":\"https:\/\/orcivalmusic.com\/wp-content\/uploads\/2023\/01\/deam-team-scaled-e1727882510742.jpg\",\"width\":2560,\"height\":1066},{\"@type\":\"BreadcrumbList\",\"@id\":\"https:\/\/orcivalmusic.com\/index.php\/orcival-trio\/#breadcrumb\",\"itemListElement\":[{\"@type\":\"ListItem\",\"position\":1,\"name\":\"Accueil\",\"item\":\"https:\/\/orcivalmusic.com\/\"},{\"@type\":\"ListItem\",\"position\":2,\"name\":\"Anciens projets\"}]},{\"@type\":\"WebSite\",\"@id\":\"https:\/\/orcivalmusic.com\/#website\",\"url\":\"https:\/\/orcivalmusic.com\/\",\"name\":\"ORCIVAL\",\"description\":\"Folk world des grands espaces\",\"publisher\":{\"@id\":\"https:\/\/orcivalmusic.com\/#\/schema\/person\/105532748ff7caabc5e4ad4d0df1ae7d\"},\"potentialAction\":[{\"@type\":\"SearchAction\",\"target\":{\"@type\":\"EntryPoint\",\"urlTemplate\":\"https:\/\/orcivalmusic.com\/?s={search_term_string}\"},\"query-input\":{\"@type\":\"PropertyValueSpecification\",\"valueRequired\":true,\"valueName\":\"search_term_string\"}}],\"inLanguage\":\"fr-FR\"},{\"@type\":[\"Person\",\"Organization\"],\"@id\":\"https:\/\/orcivalmusic.com\/#\/schema\/person\/105532748ff7caabc5e4ad4d0df1ae7d\",\"name\":\"julien\",\"image\":{\"@type\":\"ImageObject\",\"inLanguage\":\"fr-FR\",\"@id\":\"https:\/\/orcivalmusic.com\/#\/schema\/person\/image\/\",\"url\":\"https:\/\/orcivalmusic.com\/wp-content\/uploads\/2024\/02\/Tampon-transparent.png\",\"contentUrl\":\"https:\/\/orcivalmusic.com\/wp-content\/uploads\/2024\/02\/Tampon-transparent.png\",\"width\":5788,\"height\":1536,\"caption\":\"julien\"},\"logo\":{\"@id\":\"https:\/\/orcivalmusic.com\/#\/schema\/person\/image\/\"},\"sameAs\":[\"https:\/\/orcivalmusic.com\/\",\"https:\/\/www.facebook.com\/orcivalmusic\/\",\"https:\/\/www.instagram.com\/orcival_music\/\",\"https:\/\/www.youtube.com\/@orcival4550\"]}]}<\/script>\n<!-- \/ Yoast SEO plugin. -->","yoast_head_json":{"title":"Anciens projets - ORCIVAL","robots":{"index":"index","follow":"follow","max-snippet":"max-snippet:-1","max-image-preview":"max-image-preview:large","max-video-preview":"max-video-preview:-1"},"canonical":"https:\/\/orcivalmusic.com\/index.php\/orcival-trio\/","og_locale":"fr_FR","og_type":"article","og_title":"Anciens projets - ORCIVAL","og_description":"Orcival est accompagn\u00e9 en quartet de Ludovic Schmidt (bugle\/trompette), Hugo Collin (saxophones) et Pascal Rollando aux percussions\/batterie. L&rsquo;inspiration puis\u00e9e dans les for\u00eats, les montagnes et les voyages c\u00f4toient maintenant des rythmiques color\u00e9es et foisonnantes venant de la world music et du rock enrichie par les arrangements des cuivres, rendant le [&hellip;]","og_url":"https:\/\/orcivalmusic.com\/index.php\/orcival-trio\/","og_site_name":"ORCIVAL","article_publisher":"https:\/\/www.facebook.com\/orcivalmusic\/","article_modified_time":"2025-12-10T19:00:06+00:00","og_image":[{"width":2560,"height":1066,"url":"https:\/\/orcivalmusic.com\/wp-content\/uploads\/2023\/01\/deam-team-scaled-e1727882510742.jpg","type":"image\/jpeg"}],"twitter_card":"summary_large_image","twitter_misc":{"Dur\u00e9e de lecture estim\u00e9e":"1 minute"},"schema":{"@context":"https:\/\/schema.org","@graph":[{"@type":"WebPage","@id":"https:\/\/orcivalmusic.com\/index.php\/orcival-trio\/","url":"https:\/\/orcivalmusic.com\/index.php\/orcival-trio\/","name":"Anciens projets - ORCIVAL","isPartOf":{"@id":"https:\/\/orcivalmusic.com\/#website"},"primaryImageOfPage":{"@id":"https:\/\/orcivalmusic.com\/index.php\/orcival-trio\/#primaryimage"},"image":{"@id":"https:\/\/orcivalmusic.com\/index.php\/orcival-trio\/#primaryimage"},"thumbnailUrl":"https:\/\/orcivalmusic.com\/wp-content\/uploads\/2023\/01\/deam-team-scaled-e1727882510742.jpg","datePublished":"2019-05-29T15:12:10+00:00","dateModified":"2025-12-10T19:00:06+00:00","breadcrumb":{"@id":"https:\/\/orcivalmusic.com\/index.php\/orcival-trio\/#breadcrumb"},"inLanguage":"fr-FR","potentialAction":[{"@type":"ReadAction","target":["https:\/\/orcivalmusic.com\/index.php\/orcival-trio\/"]}]},{"@type":"ImageObject","inLanguage":"fr-FR","@id":"https:\/\/orcivalmusic.com\/index.php\/orcival-trio\/#primaryimage","url":"https:\/\/orcivalmusic.com\/wp-content\/uploads\/2023\/01\/deam-team-scaled-e1727882510742.jpg","contentUrl":"https:\/\/orcivalmusic.com\/wp-content\/uploads\/2023\/01\/deam-team-scaled-e1727882510742.jpg","width":2560,"height":1066},{"@type":"BreadcrumbList","@id":"https:\/\/orcivalmusic.com\/index.php\/orcival-trio\/#breadcrumb","itemListElement":[{"@type":"ListItem","position":1,"name":"Accueil","item":"https:\/\/orcivalmusic.com\/"},{"@type":"ListItem","position":2,"name":"Anciens projets"}]},{"@type":"WebSite","@id":"https:\/\/orcivalmusic.com\/#website","url":"https:\/\/orcivalmusic.com\/","name":"ORCIVAL","description":"Folk world des grands espaces","publisher":{"@id":"https:\/\/orcivalmusic.com\/#\/schema\/person\/105532748ff7caabc5e4ad4d0df1ae7d"},"potentialAction":[{"@type":"SearchAction","target":{"@type":"EntryPoint","urlTemplate":"https:\/\/orcivalmusic.com\/?s={search_term_string}"},"query-input":{"@type":"PropertyValueSpecification","valueRequired":true,"valueName":"search_term_string"}}],"inLanguage":"fr-FR"},{"@type":["Person","Organization"],"@id":"https:\/\/orcivalmusic.com\/#\/schema\/person\/105532748ff7caabc5e4ad4d0df1ae7d","name":"julien","image":{"@type":"ImageObject","inLanguage":"fr-FR","@id":"https:\/\/orcivalmusic.com\/#\/schema\/person\/image\/","url":"https:\/\/orcivalmusic.com\/wp-content\/uploads\/2024\/02\/Tampon-transparent.png","contentUrl":"https:\/\/orcivalmusic.com\/wp-content\/uploads\/2024\/02\/Tampon-transparent.png","width":5788,"height":1536,"caption":"julien"},"logo":{"@id":"https:\/\/orcivalmusic.com\/#\/schema\/person\/image\/"},"sameAs":["https:\/\/orcivalmusic.com\/","https:\/\/www.facebook.com\/orcivalmusic\/","https:\/\/www.instagram.com\/orcival_music\/","https:\/\/www.youtube.com\/@orcival4550"]}]}},"_links":{"self":[{"href":"https:\/\/orcivalmusic.com\/index.php\/wp-json\/wp\/v2\/pages\/309","targetHints":{"allow":["GET"]}}],"collection":[{"href":"https:\/\/orcivalmusic.com\/index.php\/wp-json\/wp\/v2\/pages"}],"about":[{"href":"https:\/\/orcivalmusic.com\/index.php\/wp-json\/wp\/v2\/types\/page"}],"author":[{"embeddable":true,"href":"https:\/\/orcivalmusic.com\/index.php\/wp-json\/wp\/v2\/users\/1"}],"replies":[{"embeddable":true,"href":"https:\/\/orcivalmusic.com\/index.php\/wp-json\/wp\/v2\/comments?post=309"}],"version-history":[{"count":27,"href":"https:\/\/orcivalmusic.com\/index.php\/wp-json\/wp\/v2\/pages\/309\/revisions"}],"predecessor-version":[{"id":1157,"href":"https:\/\/orcivalmusic.com\/index.php\/wp-json\/wp\/v2\/pages\/309\/revisions\/1157"}],"wp:featuredmedia":[{"embeddable":true,"href":"https:\/\/orcivalmusic.com\/index.php\/wp-json\/wp\/v2\/media\/545"}],"wp:attachment":[{"href":"https:\/\/orcivalmusic.com\/index.php\/wp-json\/wp\/v2\/media?parent=309"}],"curies":[{"name":"wp","href":"https:\/\/api.w.org\/{rel}","templated":true}]}}