{"id":213,"date":"2018-12-11T17:43:39","date_gmt":"2018-12-11T16:43:39","guid":{"rendered":"http:\/\/orcivalmusic.com\/?page_id=213"},"modified":"2021-04-09T13:41:44","modified_gmt":"2021-04-09T12:41:44","slug":"press","status":"publish","type":"page","link":"https:\/\/orcivalmusic.com\/index.php\/press\/","title":{"rendered":"PRESS"},"content":{"rendered":"\n<figure class=\"wp-block-image\"><img loading=\"lazy\" decoding=\"async\" width=\"1024\" height=\"544\" src=\"https:\/\/orcivalmusic.com\/wp-content\/uploads\/2021\/04\/image-1-1024x544.png\" alt=\"\" class=\"wp-image-449\" srcset=\"https:\/\/orcivalmusic.com\/wp-content\/uploads\/2021\/04\/image-1-1024x544.png 1024w, https:\/\/orcivalmusic.com\/wp-content\/uploads\/2021\/04\/image-1-300x159.png 300w, https:\/\/orcivalmusic.com\/wp-content\/uploads\/2021\/04\/image-1-768x408.png 768w, https:\/\/orcivalmusic.com\/wp-content\/uploads\/2021\/04\/image-1.png 1738w\" sizes=\"auto, (max-width: 1024px) 100vw, 1024px\" \/><\/figure>\n\n\n\n<figure class=\"wp-block-image\"><img loading=\"lazy\" decoding=\"async\" width=\"768\" height=\"1024\" src=\"https:\/\/orcivalmusic.com\/wp-content\/uploads\/2021\/04\/image-768x1024.png\" alt=\"\" class=\"wp-image-448\" srcset=\"https:\/\/orcivalmusic.com\/wp-content\/uploads\/2021\/04\/image-768x1024.png 768w, https:\/\/orcivalmusic.com\/wp-content\/uploads\/2021\/04\/image-225x300.png 225w, https:\/\/orcivalmusic.com\/wp-content\/uploads\/2021\/04\/image.png 810w\" sizes=\"auto, (max-width: 768px) 100vw, 768px\" \/><\/figure>\n\n\n\n<p><strong>\u00ab&nbsp;Multi-instrumentiste talentueux et \u00e9clectique, Orcival aka Julien Bouttard a fait ses classes chez Kanal Bacab, Bazaar boutik et Enterr\u00e9 sous X, des formations du cru qui ont \u00e9cum\u00e9 les sc\u00e8nes d\u2019ici et d\u2019ailleurs. C\u2019est seul en sc\u00e8ne qu\u2019il se pr\u00e9sente d\u00e9sormais. L\u2019occasion pour lui de d\u00e9montrer toute l\u2019\u00e9tendue de sa maestria guitaristique et de construire en direct son savant et savoureux m\u00e9lange de world-folk-\u00e9lectro. Ce deuxi\u00e8me album en est la parfaite d\u00e9monstration. On s\u2019y r\u00e9gale de sonorit\u00e9s bigarr\u00e9es qui puisent souvent du c\u00f4t\u00e9 de l\u2019Orient et s\u2019alimentent de touches de hip-hop\u2026 quand l\u2019Andalousie et l\u2019Irlande ne sont pas bien loin\u2026 et que l\u2019americana r\u00e9sonne quelque peu aussi. Vous l\u2019avez compris, Orcival est un original qui d\u00e9ambule sur des chemins peu fr\u00e9quent\u00e9s et pourtant riches en \u00e9tonnements et en d\u00e9couvertes. Une r\u00e9elle et bien belle surprise que celle-ci&nbsp;!&nbsp;\u00bb<\/strong><\/p>\n\n\n\n<p><strong>Chronique de l\u2019album \u00ab&nbsp;Like the sun&nbsp;\u00bb. Magazine \u00ab&nbsp;Intramuros&nbsp;\u00bb(Eric Rom\u00e9ra, Mars 2017)<\/strong><\/p>\n\n\n\n<p><em><strong>\u00ab\u00a0Talented and eclectic multi-instrumentalist, Orcival aka Julien Bouttard had performed in Kanal Bacab, Bazaar Boutik and Enterr\u00e9 sous X, local bands who have skimmed the scenes from here and elsewhere. It is alone on stage that he now presents himself. The opportunity for him to demonstrate the full extent of his guitar skills and build live his savant and tasty mix of world-folk-electro. This second album is the perfect demonstration. We enjoy the colorful sounds that often draw on the side of the East and feed on touches of hip-hop &#8230; when Andalusia and Ireland are not far &#8230; and that the americana resonates somewhat also. You have understood, Orcival is an original who wanders on roads little traveled and yet rich in surprises and discoveries. A real and very nice surprise !<\/strong><\/em><\/p>\n\n\n\n<p><em><strong>&nbsp; Chronicle of the album \u00ab\u00a0Like the sun\u00a0\u00bb. Magazine \u00ab\u00a0Intramuros\u00a0\u00bb (Eric Rom\u00e9ra, March 2017)<\/strong><\/em><\/p>\n\n\n\n<p><strong>\u00ab&nbsp;Diable d\u2019Orcival qui nous cueille par surprise. On aurait d\u00fb pourtant le voir venir&nbsp;: seul derri\u00e8re le projet, le compositeur Julien Bouttard, un des fondateur d\u2019Enterr\u00e9 sous X et de Bazaar Boutik, \u00e0 sign\u00e9 en 2015 un premier album qui avait d\u00e9j\u00e0 ses aficionados. Like the sun devrait voir cette base grandir- ou alors, il n\u2019y a aucune justice en ce monde. C\u2019est bien simple&nbsp;: chaque morceau n\u2019en finit pas de provoquer la stup\u00e9faction, superbe alliage de guitare bluesy, d\u2019instruments du monde et de beats \u00e9lectro. La virtuosit\u00e9 est bien r\u00e9elle, mais Like the sun est surtout un disque d\u2019une \u00e9norme g\u00e9n\u00e9rosit\u00e9.&nbsp;\u00bb<\/strong><\/p>\n\n\n\n<p><strong>Chronique de l\u2019album \u00ab&nbsp;Like the sun&nbsp;\u00bb. Magazine \u00ab&nbsp;Clutch&nbsp;\u00bb (B.O, Mai 2017)<\/strong><\/p>\n\n\n\n<p><em><strong>\u00ab\u00a0Devil of Orcival picking us by surprise. However, we should have seen it coming: alone behind the project, the composer Julien Bouttard, one of the founder of Enterr\u00e9 sous X and Bazaar Boutik, signed in 2015 a first album that already had his aficionados. \u00ab\u00a0Like the sun\u00a0\u00bb should see this base grow &#8211; or so, there is no justice in this world. It&rsquo;s very simple: each piece does not stop causing amazement, superb alloy bluesy guitar, world instruments and electro beats. Virtuosity is real, but \u00ab\u00a0Like the sun\u00a0\u00bb is above all a record of enormous generosity. \u00a0\u00bb &nbsp;<\/strong><\/em><\/p>\n\n\n\n<p><em><strong>Chronicle of the album \u00ab\u00a0Like the sun\u00a0\u00bb. Clutch Magazine (B.O, May 2017)<\/strong><\/em><\/p>\n\n\n\n<p><strong>\u00ab&nbsp;Tout au long de ces 14 pistes, Julien met sa technique de guitariste au service de compositions folk berc\u00e9es par des univers \u00e9lectroniques et cr\u00e9e ainsi sa \u00ab world electro music \u00bb. Un album qui m\u00eale force (I Try, Mommy, More And More Money), douceur (Take The Time, Like The Sun), po\u00e9sie (The Road Of Time, Up &amp; Down) et \u00e9vasion (Desierto, Highlands) sur des morceaux chant\u00e9s ou enti\u00e8rement instrumentaux (Leon). Cette multitude d\u2019univers reste coh\u00e9rente et c\u2019est l\u00e0 toute la force d\u2019Orcival qui nous embarque dans un voyage musical color\u00e9, \u00e0 la conqu\u00eate d\u2019une nature r\u00eaveuse. Impossible de ne pas penser aux premiers enregistrements de John Butler \u00e0 l\u2019\u00e9coute de ce disque enregistr\u00e9 au Studio du Frigo. \u00ab&nbsp;Like The Sun&nbsp;\u00bb est un tr\u00e8s bel album; l\u2019un de ceux qui comptera au moment de faire le bilan de l\u2019ann\u00e9e musicale toulousaine 2017.&nbsp;\u00bb<\/strong><\/p>\n\n\n\n<p><strong>Webzine Opus (R\u00e9my Sirieix, Mars 2017)<\/strong><\/p>\n\n\n\n<p><em><strong>\u00ab\u00a0Throughout these 14 tracks, Julien puts his technique of guitarist at the service of folk compositions cradled by electronic universes and creates his \u00ab\u00a0world electro music\u00a0\u00bb. An album that combines strength (I Try, Mommy, More and More Money), sweetness (Take The Time, Like The Sun), poetry (The Road Of Time, Up &amp; Down) and escape (Desierto, Highlands) on sung songs or entirely instrumental (Leon). This multitude of universes are coherent and this is the strength of Orcival that embarks us on a colorful musical journey, conquering a dreamy nature. It&rsquo;s impossible not to think about John Butler&rsquo;s first recordings listening to this album recorded at the Studio du Frigo. \u00ab\u00a0Like The Sun\u00a0\u00bb is a very nice album; one of those who will count when taking stock of the 2017 musical year in Toulouse.\u00a0\u00bb<\/strong><\/em><\/p>\n\n\n\n<p><em><strong>Webzine Opus (R\u00e9my Sirieix, March 2017)<\/strong><\/em><\/p>\n","protected":false},"excerpt":{"rendered":"<p>\u00ab&nbsp;Multi-instrumentiste talentueux et \u00e9clectique, Orcival aka Julien Bouttard a fait ses classes chez Kanal Bacab, Bazaar boutik et Enterr\u00e9 sous X, des formations du cru qui ont \u00e9cum\u00e9 les sc\u00e8nes d\u2019ici et d\u2019ailleurs. C\u2019est seul en sc\u00e8ne qu\u2019il se pr\u00e9sente d\u00e9sormais. L\u2019occasion pour lui de d\u00e9montrer toute l\u2019\u00e9tendue de sa [&hellip;]<\/p>\n","protected":false},"author":1,"featured_media":0,"parent":0,"menu_order":0,"comment_status":"closed","ping_status":"closed","template":"","meta":{"footnotes":""},"class_list":["post-213","page","type-page","status-publish","hentry"],"yoast_head":"<!-- This site is optimized with the Yoast SEO plugin v24.6 - https:\/\/yoast.com\/wordpress\/plugins\/seo\/ -->\n<title>PRESS - ORCIVAL<\/title>\n<meta name=\"robots\" content=\"index, follow, max-snippet:-1, max-image-preview:large, max-video-preview:-1\" \/>\n<link rel=\"canonical\" href=\"https:\/\/orcivalmusic.com\/index.php\/press\/\" \/>\n<meta property=\"og:locale\" content=\"fr_FR\" \/>\n<meta property=\"og:type\" content=\"article\" \/>\n<meta property=\"og:title\" content=\"PRESS - ORCIVAL\" \/>\n<meta property=\"og:description\" content=\"\u00ab&nbsp;Multi-instrumentiste talentueux et \u00e9clectique, Orcival aka Julien Bouttard a fait ses classes chez Kanal Bacab, Bazaar boutik et Enterr\u00e9 sous X, des formations du cru qui ont \u00e9cum\u00e9 les sc\u00e8nes d\u2019ici et d\u2019ailleurs. C\u2019est seul en sc\u00e8ne qu\u2019il se pr\u00e9sente d\u00e9sormais. L\u2019occasion pour lui de d\u00e9montrer toute l\u2019\u00e9tendue de sa [&hellip;]\" \/>\n<meta property=\"og:url\" content=\"https:\/\/orcivalmusic.com\/index.php\/press\/\" \/>\n<meta property=\"og:site_name\" content=\"ORCIVAL\" \/>\n<meta property=\"article:publisher\" content=\"https:\/\/www.facebook.com\/orcivalmusic\/\" \/>\n<meta property=\"article:modified_time\" content=\"2021-04-09T12:41:44+00:00\" \/>\n<meta property=\"og:image\" content=\"http:\/\/orcivalmusic.com\/wp-content\/uploads\/2021\/04\/image-1-1024x544.png\" \/>\n<meta name=\"twitter:card\" content=\"summary_large_image\" \/>\n<meta name=\"twitter:label1\" content=\"Dur\u00e9e de lecture estim\u00e9e\" \/>\n\t<meta name=\"twitter:data1\" content=\"4 minutes\" \/>\n<script type=\"application\/ld+json\" class=\"yoast-schema-graph\">{\"@context\":\"https:\/\/schema.org\",\"@graph\":[{\"@type\":\"WebPage\",\"@id\":\"https:\/\/orcivalmusic.com\/index.php\/press\/\",\"url\":\"https:\/\/orcivalmusic.com\/index.php\/press\/\",\"name\":\"PRESS - ORCIVAL\",\"isPartOf\":{\"@id\":\"https:\/\/orcivalmusic.com\/#website\"},\"primaryImageOfPage\":{\"@id\":\"https:\/\/orcivalmusic.com\/index.php\/press\/#primaryimage\"},\"image\":{\"@id\":\"https:\/\/orcivalmusic.com\/index.php\/press\/#primaryimage\"},\"thumbnailUrl\":\"http:\/\/orcivalmusic.com\/wp-content\/uploads\/2021\/04\/image-1-1024x544.png\",\"datePublished\":\"2018-12-11T16:43:39+00:00\",\"dateModified\":\"2021-04-09T12:41:44+00:00\",\"breadcrumb\":{\"@id\":\"https:\/\/orcivalmusic.com\/index.php\/press\/#breadcrumb\"},\"inLanguage\":\"fr-FR\",\"potentialAction\":[{\"@type\":\"ReadAction\",\"target\":[\"https:\/\/orcivalmusic.com\/index.php\/press\/\"]}]},{\"@type\":\"ImageObject\",\"inLanguage\":\"fr-FR\",\"@id\":\"https:\/\/orcivalmusic.com\/index.php\/press\/#primaryimage\",\"url\":\"http:\/\/orcivalmusic.com\/wp-content\/uploads\/2021\/04\/image-1-1024x544.png\",\"contentUrl\":\"http:\/\/orcivalmusic.com\/wp-content\/uploads\/2021\/04\/image-1-1024x544.png\"},{\"@type\":\"BreadcrumbList\",\"@id\":\"https:\/\/orcivalmusic.com\/index.php\/press\/#breadcrumb\",\"itemListElement\":[{\"@type\":\"ListItem\",\"position\":1,\"name\":\"Accueil\",\"item\":\"https:\/\/orcivalmusic.com\/\"},{\"@type\":\"ListItem\",\"position\":2,\"name\":\"PRESS\"}]},{\"@type\":\"WebSite\",\"@id\":\"https:\/\/orcivalmusic.com\/#website\",\"url\":\"https:\/\/orcivalmusic.com\/\",\"name\":\"ORCIVAL\",\"description\":\"Folk world des grands espaces\",\"publisher\":{\"@id\":\"https:\/\/orcivalmusic.com\/#\/schema\/person\/105532748ff7caabc5e4ad4d0df1ae7d\"},\"potentialAction\":[{\"@type\":\"SearchAction\",\"target\":{\"@type\":\"EntryPoint\",\"urlTemplate\":\"https:\/\/orcivalmusic.com\/?s={search_term_string}\"},\"query-input\":{\"@type\":\"PropertyValueSpecification\",\"valueRequired\":true,\"valueName\":\"search_term_string\"}}],\"inLanguage\":\"fr-FR\"},{\"@type\":[\"Person\",\"Organization\"],\"@id\":\"https:\/\/orcivalmusic.com\/#\/schema\/person\/105532748ff7caabc5e4ad4d0df1ae7d\",\"name\":\"julien\",\"image\":{\"@type\":\"ImageObject\",\"inLanguage\":\"fr-FR\",\"@id\":\"https:\/\/orcivalmusic.com\/#\/schema\/person\/image\/\",\"url\":\"https:\/\/orcivalmusic.com\/wp-content\/uploads\/2024\/02\/Tampon-transparent.png\",\"contentUrl\":\"https:\/\/orcivalmusic.com\/wp-content\/uploads\/2024\/02\/Tampon-transparent.png\",\"width\":5788,\"height\":1536,\"caption\":\"julien\"},\"logo\":{\"@id\":\"https:\/\/orcivalmusic.com\/#\/schema\/person\/image\/\"},\"sameAs\":[\"https:\/\/orcivalmusic.com\/\",\"https:\/\/www.facebook.com\/orcivalmusic\/\",\"https:\/\/www.instagram.com\/orcival_music\/\",\"https:\/\/www.youtube.com\/@orcival4550\"]}]}<\/script>\n<!-- \/ Yoast SEO plugin. -->","yoast_head_json":{"title":"PRESS - ORCIVAL","robots":{"index":"index","follow":"follow","max-snippet":"max-snippet:-1","max-image-preview":"max-image-preview:large","max-video-preview":"max-video-preview:-1"},"canonical":"https:\/\/orcivalmusic.com\/index.php\/press\/","og_locale":"fr_FR","og_type":"article","og_title":"PRESS - ORCIVAL","og_description":"\u00ab&nbsp;Multi-instrumentiste talentueux et \u00e9clectique, Orcival aka Julien Bouttard a fait ses classes chez Kanal Bacab, Bazaar boutik et Enterr\u00e9 sous X, des formations du cru qui ont \u00e9cum\u00e9 les sc\u00e8nes d\u2019ici et d\u2019ailleurs. C\u2019est seul en sc\u00e8ne qu\u2019il se pr\u00e9sente d\u00e9sormais. L\u2019occasion pour lui de d\u00e9montrer toute l\u2019\u00e9tendue de sa [&hellip;]","og_url":"https:\/\/orcivalmusic.com\/index.php\/press\/","og_site_name":"ORCIVAL","article_publisher":"https:\/\/www.facebook.com\/orcivalmusic\/","article_modified_time":"2021-04-09T12:41:44+00:00","og_image":[{"url":"http:\/\/orcivalmusic.com\/wp-content\/uploads\/2021\/04\/image-1-1024x544.png","type":"","width":"","height":""}],"twitter_card":"summary_large_image","twitter_misc":{"Dur\u00e9e de lecture estim\u00e9e":"4 minutes"},"schema":{"@context":"https:\/\/schema.org","@graph":[{"@type":"WebPage","@id":"https:\/\/orcivalmusic.com\/index.php\/press\/","url":"https:\/\/orcivalmusic.com\/index.php\/press\/","name":"PRESS - ORCIVAL","isPartOf":{"@id":"https:\/\/orcivalmusic.com\/#website"},"primaryImageOfPage":{"@id":"https:\/\/orcivalmusic.com\/index.php\/press\/#primaryimage"},"image":{"@id":"https:\/\/orcivalmusic.com\/index.php\/press\/#primaryimage"},"thumbnailUrl":"http:\/\/orcivalmusic.com\/wp-content\/uploads\/2021\/04\/image-1-1024x544.png","datePublished":"2018-12-11T16:43:39+00:00","dateModified":"2021-04-09T12:41:44+00:00","breadcrumb":{"@id":"https:\/\/orcivalmusic.com\/index.php\/press\/#breadcrumb"},"inLanguage":"fr-FR","potentialAction":[{"@type":"ReadAction","target":["https:\/\/orcivalmusic.com\/index.php\/press\/"]}]},{"@type":"ImageObject","inLanguage":"fr-FR","@id":"https:\/\/orcivalmusic.com\/index.php\/press\/#primaryimage","url":"http:\/\/orcivalmusic.com\/wp-content\/uploads\/2021\/04\/image-1-1024x544.png","contentUrl":"http:\/\/orcivalmusic.com\/wp-content\/uploads\/2021\/04\/image-1-1024x544.png"},{"@type":"BreadcrumbList","@id":"https:\/\/orcivalmusic.com\/index.php\/press\/#breadcrumb","itemListElement":[{"@type":"ListItem","position":1,"name":"Accueil","item":"https:\/\/orcivalmusic.com\/"},{"@type":"ListItem","position":2,"name":"PRESS"}]},{"@type":"WebSite","@id":"https:\/\/orcivalmusic.com\/#website","url":"https:\/\/orcivalmusic.com\/","name":"ORCIVAL","description":"Folk world des grands espaces","publisher":{"@id":"https:\/\/orcivalmusic.com\/#\/schema\/person\/105532748ff7caabc5e4ad4d0df1ae7d"},"potentialAction":[{"@type":"SearchAction","target":{"@type":"EntryPoint","urlTemplate":"https:\/\/orcivalmusic.com\/?s={search_term_string}"},"query-input":{"@type":"PropertyValueSpecification","valueRequired":true,"valueName":"search_term_string"}}],"inLanguage":"fr-FR"},{"@type":["Person","Organization"],"@id":"https:\/\/orcivalmusic.com\/#\/schema\/person\/105532748ff7caabc5e4ad4d0df1ae7d","name":"julien","image":{"@type":"ImageObject","inLanguage":"fr-FR","@id":"https:\/\/orcivalmusic.com\/#\/schema\/person\/image\/","url":"https:\/\/orcivalmusic.com\/wp-content\/uploads\/2024\/02\/Tampon-transparent.png","contentUrl":"https:\/\/orcivalmusic.com\/wp-content\/uploads\/2024\/02\/Tampon-transparent.png","width":5788,"height":1536,"caption":"julien"},"logo":{"@id":"https:\/\/orcivalmusic.com\/#\/schema\/person\/image\/"},"sameAs":["https:\/\/orcivalmusic.com\/","https:\/\/www.facebook.com\/orcivalmusic\/","https:\/\/www.instagram.com\/orcival_music\/","https:\/\/www.youtube.com\/@orcival4550"]}]}},"_links":{"self":[{"href":"https:\/\/orcivalmusic.com\/index.php\/wp-json\/wp\/v2\/pages\/213","targetHints":{"allow":["GET"]}}],"collection":[{"href":"https:\/\/orcivalmusic.com\/index.php\/wp-json\/wp\/v2\/pages"}],"about":[{"href":"https:\/\/orcivalmusic.com\/index.php\/wp-json\/wp\/v2\/types\/page"}],"author":[{"embeddable":true,"href":"https:\/\/orcivalmusic.com\/index.php\/wp-json\/wp\/v2\/users\/1"}],"replies":[{"embeddable":true,"href":"https:\/\/orcivalmusic.com\/index.php\/wp-json\/wp\/v2\/comments?post=213"}],"version-history":[{"count":9,"href":"https:\/\/orcivalmusic.com\/index.php\/wp-json\/wp\/v2\/pages\/213\/revisions"}],"predecessor-version":[{"id":450,"href":"https:\/\/orcivalmusic.com\/index.php\/wp-json\/wp\/v2\/pages\/213\/revisions\/450"}],"wp:attachment":[{"href":"https:\/\/orcivalmusic.com\/index.php\/wp-json\/wp\/v2\/media?parent=213"}],"curies":[{"name":"wp","href":"https:\/\/api.w.org\/{rel}","templated":true}]}}