{"id":1161,"date":"2025-12-10T20:38:26","date_gmt":"2025-12-10T19:38:26","guid":{"rendered":"https:\/\/orcivalmusic.com\/?page_id=1161"},"modified":"2025-12-10T20:47:30","modified_gmt":"2025-12-10T19:47:30","slug":"orcival-trio-et-quartet","status":"publish","type":"page","link":"https:\/\/orcivalmusic.com\/index.php\/orcival-trio-et-quartet\/","title":{"rendered":"Orcival trio et quartet"},"content":{"rendered":"\n<p><strong>Orcival <\/strong>pr\u00e9pare la sortie de son nouvel album <strong>\u00ab\u00a0Monde en pixels\u00a0\u00bb<\/strong> en quartet! Il sera entour\u00e9 de musiciennes et musiciens talentueux: <strong>Estelle B\u00e9singrand <\/strong>au violoncelle, <strong>Camille Antona <\/strong>au violon et <strong>Alex Sauvion<\/strong> aux percussions et batterie. <\/p>\n\n\n\n<p>La sortie officielle se fera \u00e0 <strong>l&rsquo;Espace JOB \u00e0 Toulouse<\/strong> le <strong>26 Mars 2026<\/strong>! Des clips et captations vid\u00e9os seront r\u00e9alis\u00e9es dans ces temps de r\u00e9sidence et de concert pour vous faire d\u00e9couvrir cette formule! \u00e7a va \u00eatre magnifique!!! <\/p>\n\n\n\n<p>Sorties pr\u00e9vue des vid\u00e9os Mai 2026. Stay tuned!!!<\/p>\n\n\n\n<figure class=\"wp-block-image size-large is-resized\"><a href=\"https:\/\/orcivalmusic.com\/wp-content\/uploads\/2025\/12\/ORCIVAL_QUARTET.jpg\"><img loading=\"lazy\" decoding=\"async\" width=\"1024\" height=\"1024\" src=\"https:\/\/orcivalmusic.com\/wp-content\/uploads\/2025\/12\/ORCIVAL_QUARTET-1024x1024.jpg\" alt=\"\" class=\"wp-image-1162\" style=\"width:744px;height:auto\" srcset=\"https:\/\/orcivalmusic.com\/wp-content\/uploads\/2025\/12\/ORCIVAL_QUARTET-1024x1024.jpg 1024w, https:\/\/orcivalmusic.com\/wp-content\/uploads\/2025\/12\/ORCIVAL_QUARTET-300x300.jpg 300w, https:\/\/orcivalmusic.com\/wp-content\/uploads\/2025\/12\/ORCIVAL_QUARTET-150x150.jpg 150w, https:\/\/orcivalmusic.com\/wp-content\/uploads\/2025\/12\/ORCIVAL_QUARTET-768x768.jpg 768w, https:\/\/orcivalmusic.com\/wp-content\/uploads\/2025\/12\/ORCIVAL_QUARTET.jpg 1080w\" sizes=\"auto, (max-width: 1024px) 100vw, 1024px\" \/><\/a><\/figure>\n","protected":false},"excerpt":{"rendered":"<p>Orcival pr\u00e9pare la sortie de son nouvel album \u00ab\u00a0Monde en pixels\u00a0\u00bb en quartet! Il sera entour\u00e9 de musiciennes et musiciens talentueux: Estelle B\u00e9singrand au violoncelle, Camille Antona au violon et Alex Sauvion aux percussions et batterie. La sortie officielle se fera \u00e0 l&rsquo;Espace JOB \u00e0 Toulouse le 26 Mars 2026! [&hellip;]<\/p>\n","protected":false},"author":1,"featured_media":1044,"parent":0,"menu_order":0,"comment_status":"closed","ping_status":"closed","template":"","meta":{"footnotes":""},"class_list":["post-1161","page","type-page","status-publish","has-post-thumbnail","hentry"],"yoast_head":"<!-- This site is optimized with the Yoast SEO plugin v24.6 - https:\/\/yoast.com\/wordpress\/plugins\/seo\/ -->\n<title>Orcival trio et quartet - ORCIVAL<\/title>\n<meta name=\"robots\" content=\"index, follow, max-snippet:-1, max-image-preview:large, max-video-preview:-1\" \/>\n<link rel=\"canonical\" href=\"https:\/\/orcivalmusic.com\/index.php\/orcival-trio-et-quartet\/\" \/>\n<meta property=\"og:locale\" content=\"fr_FR\" \/>\n<meta property=\"og:type\" content=\"article\" \/>\n<meta property=\"og:title\" content=\"Orcival trio et quartet - ORCIVAL\" \/>\n<meta property=\"og:description\" content=\"Orcival pr\u00e9pare la sortie de son nouvel album \u00ab\u00a0Monde en pixels\u00a0\u00bb en quartet! Il sera entour\u00e9 de musiciennes et musiciens talentueux: Estelle B\u00e9singrand au violoncelle, Camille Antona au violon et Alex Sauvion aux percussions et batterie. La sortie officielle se fera \u00e0 l&rsquo;Espace JOB \u00e0 Toulouse le 26 Mars 2026! [&hellip;]\" \/>\n<meta property=\"og:url\" content=\"https:\/\/orcivalmusic.com\/index.php\/orcival-trio-et-quartet\/\" \/>\n<meta property=\"og:site_name\" content=\"ORCIVAL\" \/>\n<meta property=\"article:publisher\" content=\"https:\/\/www.facebook.com\/orcivalmusic\/\" \/>\n<meta property=\"article:modified_time\" content=\"2025-12-10T19:47:30+00:00\" \/>\n<meta property=\"og:image\" content=\"https:\/\/orcivalmusic.com\/wp-content\/uploads\/2025\/01\/FM404-scaled.jpg\" \/>\n\t<meta property=\"og:image:width\" content=\"2560\" \/>\n\t<meta property=\"og:image:height\" content=\"1707\" \/>\n\t<meta property=\"og:image:type\" content=\"image\/jpeg\" \/>\n<meta name=\"twitter:card\" content=\"summary_large_image\" \/>\n<meta name=\"twitter:label1\" content=\"Dur\u00e9e de lecture estim\u00e9e\" \/>\n\t<meta name=\"twitter:data1\" content=\"1 minute\" \/>\n<script type=\"application\/ld+json\" class=\"yoast-schema-graph\">{\"@context\":\"https:\/\/schema.org\",\"@graph\":[{\"@type\":\"WebPage\",\"@id\":\"https:\/\/orcivalmusic.com\/index.php\/orcival-trio-et-quartet\/\",\"url\":\"https:\/\/orcivalmusic.com\/index.php\/orcival-trio-et-quartet\/\",\"name\":\"Orcival trio et quartet - ORCIVAL\",\"isPartOf\":{\"@id\":\"https:\/\/orcivalmusic.com\/#website\"},\"primaryImageOfPage\":{\"@id\":\"https:\/\/orcivalmusic.com\/index.php\/orcival-trio-et-quartet\/#primaryimage\"},\"image\":{\"@id\":\"https:\/\/orcivalmusic.com\/index.php\/orcival-trio-et-quartet\/#primaryimage\"},\"thumbnailUrl\":\"https:\/\/orcivalmusic.com\/wp-content\/uploads\/2025\/01\/FM404-scaled.jpg\",\"datePublished\":\"2025-12-10T19:38:26+00:00\",\"dateModified\":\"2025-12-10T19:47:30+00:00\",\"breadcrumb\":{\"@id\":\"https:\/\/orcivalmusic.com\/index.php\/orcival-trio-et-quartet\/#breadcrumb\"},\"inLanguage\":\"fr-FR\",\"potentialAction\":[{\"@type\":\"ReadAction\",\"target\":[\"https:\/\/orcivalmusic.com\/index.php\/orcival-trio-et-quartet\/\"]}]},{\"@type\":\"ImageObject\",\"inLanguage\":\"fr-FR\",\"@id\":\"https:\/\/orcivalmusic.com\/index.php\/orcival-trio-et-quartet\/#primaryimage\",\"url\":\"https:\/\/orcivalmusic.com\/wp-content\/uploads\/2025\/01\/FM404-scaled.jpg\",\"contentUrl\":\"https:\/\/orcivalmusic.com\/wp-content\/uploads\/2025\/01\/FM404-scaled.jpg\",\"width\":2560,\"height\":1707},{\"@type\":\"BreadcrumbList\",\"@id\":\"https:\/\/orcivalmusic.com\/index.php\/orcival-trio-et-quartet\/#breadcrumb\",\"itemListElement\":[{\"@type\":\"ListItem\",\"position\":1,\"name\":\"Accueil\",\"item\":\"https:\/\/orcivalmusic.com\/\"},{\"@type\":\"ListItem\",\"position\":2,\"name\":\"Orcival trio et quartet\"}]},{\"@type\":\"WebSite\",\"@id\":\"https:\/\/orcivalmusic.com\/#website\",\"url\":\"https:\/\/orcivalmusic.com\/\",\"name\":\"ORCIVAL\",\"description\":\"Folk world des grands espaces\",\"publisher\":{\"@id\":\"https:\/\/orcivalmusic.com\/#\/schema\/person\/105532748ff7caabc5e4ad4d0df1ae7d\"},\"potentialAction\":[{\"@type\":\"SearchAction\",\"target\":{\"@type\":\"EntryPoint\",\"urlTemplate\":\"https:\/\/orcivalmusic.com\/?s={search_term_string}\"},\"query-input\":{\"@type\":\"PropertyValueSpecification\",\"valueRequired\":true,\"valueName\":\"search_term_string\"}}],\"inLanguage\":\"fr-FR\"},{\"@type\":[\"Person\",\"Organization\"],\"@id\":\"https:\/\/orcivalmusic.com\/#\/schema\/person\/105532748ff7caabc5e4ad4d0df1ae7d\",\"name\":\"julien\",\"image\":{\"@type\":\"ImageObject\",\"inLanguage\":\"fr-FR\",\"@id\":\"https:\/\/orcivalmusic.com\/#\/schema\/person\/image\/\",\"url\":\"https:\/\/orcivalmusic.com\/wp-content\/uploads\/2024\/02\/Tampon-transparent.png\",\"contentUrl\":\"https:\/\/orcivalmusic.com\/wp-content\/uploads\/2024\/02\/Tampon-transparent.png\",\"width\":5788,\"height\":1536,\"caption\":\"julien\"},\"logo\":{\"@id\":\"https:\/\/orcivalmusic.com\/#\/schema\/person\/image\/\"},\"sameAs\":[\"https:\/\/orcivalmusic.com\/\",\"https:\/\/www.facebook.com\/orcivalmusic\/\",\"https:\/\/www.instagram.com\/orcival_music\/\",\"https:\/\/www.youtube.com\/@orcival4550\"]}]}<\/script>\n<!-- \/ Yoast SEO plugin. -->","yoast_head_json":{"title":"Orcival trio et quartet - ORCIVAL","robots":{"index":"index","follow":"follow","max-snippet":"max-snippet:-1","max-image-preview":"max-image-preview:large","max-video-preview":"max-video-preview:-1"},"canonical":"https:\/\/orcivalmusic.com\/index.php\/orcival-trio-et-quartet\/","og_locale":"fr_FR","og_type":"article","og_title":"Orcival trio et quartet - ORCIVAL","og_description":"Orcival pr\u00e9pare la sortie de son nouvel album \u00ab\u00a0Monde en pixels\u00a0\u00bb en quartet! Il sera entour\u00e9 de musiciennes et musiciens talentueux: Estelle B\u00e9singrand au violoncelle, Camille Antona au violon et Alex Sauvion aux percussions et batterie. La sortie officielle se fera \u00e0 l&rsquo;Espace JOB \u00e0 Toulouse le 26 Mars 2026! [&hellip;]","og_url":"https:\/\/orcivalmusic.com\/index.php\/orcival-trio-et-quartet\/","og_site_name":"ORCIVAL","article_publisher":"https:\/\/www.facebook.com\/orcivalmusic\/","article_modified_time":"2025-12-10T19:47:30+00:00","og_image":[{"width":2560,"height":1707,"url":"https:\/\/orcivalmusic.com\/wp-content\/uploads\/2025\/01\/FM404-scaled.jpg","type":"image\/jpeg"}],"twitter_card":"summary_large_image","twitter_misc":{"Dur\u00e9e de lecture estim\u00e9e":"1 minute"},"schema":{"@context":"https:\/\/schema.org","@graph":[{"@type":"WebPage","@id":"https:\/\/orcivalmusic.com\/index.php\/orcival-trio-et-quartet\/","url":"https:\/\/orcivalmusic.com\/index.php\/orcival-trio-et-quartet\/","name":"Orcival trio et quartet - ORCIVAL","isPartOf":{"@id":"https:\/\/orcivalmusic.com\/#website"},"primaryImageOfPage":{"@id":"https:\/\/orcivalmusic.com\/index.php\/orcival-trio-et-quartet\/#primaryimage"},"image":{"@id":"https:\/\/orcivalmusic.com\/index.php\/orcival-trio-et-quartet\/#primaryimage"},"thumbnailUrl":"https:\/\/orcivalmusic.com\/wp-content\/uploads\/2025\/01\/FM404-scaled.jpg","datePublished":"2025-12-10T19:38:26+00:00","dateModified":"2025-12-10T19:47:30+00:00","breadcrumb":{"@id":"https:\/\/orcivalmusic.com\/index.php\/orcival-trio-et-quartet\/#breadcrumb"},"inLanguage":"fr-FR","potentialAction":[{"@type":"ReadAction","target":["https:\/\/orcivalmusic.com\/index.php\/orcival-trio-et-quartet\/"]}]},{"@type":"ImageObject","inLanguage":"fr-FR","@id":"https:\/\/orcivalmusic.com\/index.php\/orcival-trio-et-quartet\/#primaryimage","url":"https:\/\/orcivalmusic.com\/wp-content\/uploads\/2025\/01\/FM404-scaled.jpg","contentUrl":"https:\/\/orcivalmusic.com\/wp-content\/uploads\/2025\/01\/FM404-scaled.jpg","width":2560,"height":1707},{"@type":"BreadcrumbList","@id":"https:\/\/orcivalmusic.com\/index.php\/orcival-trio-et-quartet\/#breadcrumb","itemListElement":[{"@type":"ListItem","position":1,"name":"Accueil","item":"https:\/\/orcivalmusic.com\/"},{"@type":"ListItem","position":2,"name":"Orcival trio et quartet"}]},{"@type":"WebSite","@id":"https:\/\/orcivalmusic.com\/#website","url":"https:\/\/orcivalmusic.com\/","name":"ORCIVAL","description":"Folk world des grands espaces","publisher":{"@id":"https:\/\/orcivalmusic.com\/#\/schema\/person\/105532748ff7caabc5e4ad4d0df1ae7d"},"potentialAction":[{"@type":"SearchAction","target":{"@type":"EntryPoint","urlTemplate":"https:\/\/orcivalmusic.com\/?s={search_term_string}"},"query-input":{"@type":"PropertyValueSpecification","valueRequired":true,"valueName":"search_term_string"}}],"inLanguage":"fr-FR"},{"@type":["Person","Organization"],"@id":"https:\/\/orcivalmusic.com\/#\/schema\/person\/105532748ff7caabc5e4ad4d0df1ae7d","name":"julien","image":{"@type":"ImageObject","inLanguage":"fr-FR","@id":"https:\/\/orcivalmusic.com\/#\/schema\/person\/image\/","url":"https:\/\/orcivalmusic.com\/wp-content\/uploads\/2024\/02\/Tampon-transparent.png","contentUrl":"https:\/\/orcivalmusic.com\/wp-content\/uploads\/2024\/02\/Tampon-transparent.png","width":5788,"height":1536,"caption":"julien"},"logo":{"@id":"https:\/\/orcivalmusic.com\/#\/schema\/person\/image\/"},"sameAs":["https:\/\/orcivalmusic.com\/","https:\/\/www.facebook.com\/orcivalmusic\/","https:\/\/www.instagram.com\/orcival_music\/","https:\/\/www.youtube.com\/@orcival4550"]}]}},"_links":{"self":[{"href":"https:\/\/orcivalmusic.com\/index.php\/wp-json\/wp\/v2\/pages\/1161","targetHints":{"allow":["GET"]}}],"collection":[{"href":"https:\/\/orcivalmusic.com\/index.php\/wp-json\/wp\/v2\/pages"}],"about":[{"href":"https:\/\/orcivalmusic.com\/index.php\/wp-json\/wp\/v2\/types\/page"}],"author":[{"embeddable":true,"href":"https:\/\/orcivalmusic.com\/index.php\/wp-json\/wp\/v2\/users\/1"}],"replies":[{"embeddable":true,"href":"https:\/\/orcivalmusic.com\/index.php\/wp-json\/wp\/v2\/comments?post=1161"}],"version-history":[{"count":2,"href":"https:\/\/orcivalmusic.com\/index.php\/wp-json\/wp\/v2\/pages\/1161\/revisions"}],"predecessor-version":[{"id":1167,"href":"https:\/\/orcivalmusic.com\/index.php\/wp-json\/wp\/v2\/pages\/1161\/revisions\/1167"}],"wp:featuredmedia":[{"embeddable":true,"href":"https:\/\/orcivalmusic.com\/index.php\/wp-json\/wp\/v2\/media\/1044"}],"wp:attachment":[{"href":"https:\/\/orcivalmusic.com\/index.php\/wp-json\/wp\/v2\/media?parent=1161"}],"curies":[{"name":"wp","href":"https:\/\/api.w.org\/{rel}","templated":true}]}}